{"id":703,"date":"2024-01-03T18:46:26","date_gmt":"2024-01-03T23:46:26","guid":{"rendered":"https:\/\/junotechno.com\/histoires\/"},"modified":"2025-05-13T14:51:12","modified_gmt":"2025-05-13T18:51:12","slug":"temoignages","status":"publish","type":"page","link":"https:\/\/junotechno.com\/fr\/temoignages\/","title":{"rendered":"Juno Talks"},"content":{"rendered":"\t\t<div data-elementor-type=\"wp-page\" data-elementor-id=\"703\" class=\"elementor elementor-703 elementor-679\" data-elementor-post-type=\"page\">\n\t\t\t\t<div class=\"elementor-element elementor-element-36963287 e-con-full e-flex e-con e-parent\" data-id=\"36963287\" data-element_type=\"container\" data-e-type=\"container\" data-settings=\"{&quot;background_background&quot;:&quot;classic&quot;}\">\n\t\t\t\t<div class=\"elementor-element elementor-element-19380f9b elementor-widget elementor-widget-heading\" data-id=\"19380f9b\" data-element_type=\"widget\" data-e-type=\"widget\" data-widget_type=\"heading.default\">\n\t\t\t\t<div class=\"elementor-widget-container\">\n\t\t\t\t\t<h1 class=\"elementor-heading-title elementor-size-default\">Juno Talks<\/h1>\t\t\t\t<\/div>\n\t\t\t\t<\/div>\n\t\t\t\t<\/div>\n\t\t<div class=\"elementor-element elementor-element-59be404b e-con-full e-flex e-con e-parent\" data-id=\"59be404b\" data-element_type=\"container\" data-e-type=\"container\" data-settings=\"{&quot;background_background&quot;:&quot;gradient&quot;}\">\n\t\t\t\t<div class=\"elementor-element elementor-element-ce8f500 elementor-widget elementor-widget-text-editor\" data-id=\"ce8f500\" data-element_type=\"widget\" data-e-type=\"widget\" data-widget_type=\"text-editor.default\">\n\t\t\t\t<div class=\"elementor-widget-container\">\n\t\t\t\t\t\t\t\t\t<p><span style=\"font-weight: bold;\">Se d\u00e9faire des tabous<\/span>, <span style=\"font-weight: bold;\">une histoire \u00e0 la fois<\/span><\/p>\t\t\t\t\t\t\t\t<\/div>\n\t\t\t\t<\/div>\n\t\t\t\t<div class=\"elementor-element elementor-element-4f05a65a elementor-widget elementor-widget-text-editor\" data-id=\"4f05a65a\" data-element_type=\"widget\" data-e-type=\"widget\" data-widget_type=\"text-editor.default\">\n\t\t\t\t<div class=\"elementor-widget-container\">\n\t\t\t\t\t\t\t\t\t<h2 data-ccp-props=\"{\"335551550\":1,\"335551620\":1,\"335559683\":0,\"335559685\":0,\"335559731\":0,\"335559737\":0,\"335562764\":2,\"335562765\":1,\"335562766\":4,\"335562767\":0,\"335562768\":4,\"335562769\":0}\"><b style=\"color: var( --e-global-color-text ); font-size: 1.25rem; background-color: transparent;\"><span data-usefontface=\"true\" data-contrast=\"none\">Dans cette premi\u00e8re saison de<\/span><\/b> <b style=\"color: var( --e-global-color-text ); font-size: 1.25rem; background-color: transparent;\"><span data-usefontface=\"true\" data-contrast=\"none\">Junotalks<\/span><\/b><b style=\"color: var( --e-global-color-text ); font-size: 1.25rem; background-color: transparent;\"><span data-usefontface=\"true\" data-contrast=\"none\">,<\/span><\/b> <\/h2><p data-ccp-props=\"{\"335551550\":1,\"335551620\":1,\"335559683\":0,\"335559685\":0,\"335559731\":0,\"335559737\":0,\"335562764\":2,\"335562765\":1,\"335562766\":4,\"335562767\":0,\"335562768\":4,\"335562769\":0}\"><span data-usefontface=\"true\" data-contrast=\"none\">Nous avons partag\u00e9 avec vous de puissants<\/span> <span data-usefontface=\"true\" data-contrast=\"none\">t\u00e9moignages de femmes confront\u00e9es aux<\/span><span data-usefontface=\"true\" data-contrast=\"none\"> diff\u00e9rentes complexit\u00e9s de leur cycle.<\/span> <\/p><p data-ccp-props=\"{\"335551550\":1,\"335551620\":1,\"335559683\":0,\"335559685\":0,\"335559731\":0,\"335559737\":0,\"335562764\":2,\"335562765\":1,\"335562766\":4,\"335562767\":0,\"335562768\":4,\"335562769\":0}\"><span data-usefontface=\"true\" data-contrast=\"none\">De l&#8217;endom\u00e9triose \u00e0 la contraception, <\/span><span data-usefontface=\"true\" data-contrast=\"none\">elles partagent leur parcours face<\/span> <span data-usefontface=\"true\" data-contrast=\"none\">\u00e0 des d\u00e9fis consid\u00e9rables<\/span>.<\/p><p data-ccp-props=\"{\"335551550\":1,\"335551620\":1,\"335559683\":0,\"335559685\":0,\"335559731\":0,\"335559737\":0,\"335562764\":2,\"335562765\":1,\"335562766\":4,\"335562767\":0,\"335562768\":4,\"335562769\":0}\"><b><span data-scheme-color=\"@FFFFFF,1,\" data-usefontface=\"true\" data-contrast=\"none\">La saison 2 est en pr\u00e9paration ! Int\u00e9ress\u00e9 \u00e0  <\/span><\/b><b><span data-scheme-color=\"@FFFFFF,1,\" data-usefontface=\"true\" data-contrast=\"none\">raconter votre histoire ? Contactez-nous ou envoyez-nous un message  <\/span><\/b><b><span data-scheme-color=\"@FFFFFF,1,\" data-usefontface=\"true\" data-contrast=\"none\">sur <a href=\"https:\/\/www.instagram.com\/junotechno\/\" target=\"_blank\" rel=\"noopener\">Instagram<\/a>.<\/span><\/b><\/p><p data-ccp-props=\"{\"335551550\":1,\"335551620\":1,\"335559683\":0,\"335559685\":0,\"335559731\":0,\"335559737\":0,\"335562764\":2,\"335562765\":1,\"335562766\":4,\"335562767\":0,\"335562768\":4,\"335562769\":0}\"> <\/p>\t\t\t\t\t\t\t\t<\/div>\n\t\t\t\t<\/div>\n\t\t\t\t<\/div>\n\t\t<div class=\"elementor-element elementor-element-5494b568 e-con-full e-flex e-con e-parent\" data-id=\"5494b568\" data-element_type=\"container\" data-e-type=\"container\" data-settings=\"{&quot;background_background&quot;:&quot;classic&quot;}\">\n\t\t\t\t<div class=\"elementor-element elementor-element-99e3f42 elementor-widget elementor-widget-text-editor\" data-id=\"99e3f42\" data-element_type=\"widget\" data-e-type=\"widget\" data-widget_type=\"text-editor.default\">\n\t\t\t\t<div class=\"elementor-widget-container\">\n\t\t\t\t\t\t\t\t\t<p><a href=\"https:\/\/junotechno.com\/fr\/nouvelles\/\">Articles<\/a><\/p>\t\t\t\t\t\t\t\t<\/div>\n\t\t\t\t<\/div>\n\t\t\t\t<div class=\"elementor-element elementor-element-39ccabef elementor-widget-divider--view-line elementor-widget elementor-widget-divider\" data-id=\"39ccabef\" data-element_type=\"widget\" data-e-type=\"widget\" data-widget_type=\"divider.default\">\n\t\t\t\t<div class=\"elementor-widget-container\">\n\t\t\t\t\t\t\t<div class=\"elementor-divider\">\n\t\t\t<span class=\"elementor-divider-separator\">\n\t\t\t\t\t\t<\/span>\n\t\t<\/div>\n\t\t\t\t\t\t<\/div>\n\t\t\t\t<\/div>\n\t\t\t\t<div class=\"elementor-element elementor-element-6a814824 elementor-widget elementor-widget-text-editor\" data-id=\"6a814824\" data-element_type=\"widget\" data-e-type=\"widget\" data-widget_type=\"text-editor.default\">\n\t\t\t\t<div class=\"elementor-widget-container\">\n\t\t\t\t\t\t\t\t\t<p>Blogs<\/p>\t\t\t\t\t\t\t\t<\/div>\n\t\t\t\t<\/div>\n\t\t\t\t<div class=\"elementor-element elementor-element-3ebef269 elementor-widget-divider--view-line elementor-widget elementor-widget-divider\" data-id=\"3ebef269\" data-element_type=\"widget\" data-e-type=\"widget\" data-widget_type=\"divider.default\">\n\t\t\t\t<div class=\"elementor-widget-container\">\n\t\t\t\t\t\t\t<div class=\"elementor-divider\">\n\t\t\t<span class=\"elementor-divider-separator\">\n\t\t\t\t\t\t<\/span>\n\t\t<\/div>\n\t\t\t\t\t\t<\/div>\n\t\t\t\t<\/div>\n\t\t\t\t<div class=\"elementor-element elementor-element-6d4340c1 elementor-hidden-mobile elementor-widget elementor-widget-text-editor\" data-id=\"6d4340c1\" data-element_type=\"widget\" data-e-type=\"widget\" data-widget_type=\"text-editor.default\">\n\t\t\t\t<div class=\"elementor-widget-container\">\n\t\t\t\t\t\t\t\t\t<p><a href=\"https:\/\/junotechno.com\/fr\/notre-equipe\/\">D\u00e9couvrez leur parcours<\/a><\/p>\t\t\t\t\t\t\t\t<\/div>\n\t\t\t\t<\/div>\n\t\t\t\t<\/div>\n\t\t<div class=\"elementor-element elementor-element-5110a77 e-con-full e-flex e-con e-parent\" data-id=\"5110a77\" data-element_type=\"container\" data-e-type=\"container\">\n\t\t<div class=\"elementor-element elementor-element-f74b5c2 e-con-full e-flex e-con e-child\" data-id=\"f74b5c2\" data-element_type=\"container\" data-e-type=\"container\">\n\t\t\t\t<\/div>\n\t\t\t\t<\/div>\n\t\t\t\t<\/div>\n\t\t","protected":false},"excerpt":{"rendered":"<p>Juno Talks Se d\u00e9faire des tabous, une histoire \u00e0 la fois Dans cette premi\u00e8re saison de Junotalks, Nous avons partag\u00e9 avec vous de puissants t\u00e9moignages de femmes confront\u00e9es aux diff\u00e9rentes complexit\u00e9s de leur cycle. De l&#8217;endom\u00e9triose \u00e0 la contraception, elles partagent leur parcours face \u00e0 des d\u00e9fis consid\u00e9rables. La saison 2 est en pr\u00e9paration ! [&hellip;]<\/p>\n","protected":false},"author":2,"featured_media":1738,"parent":0,"menu_order":0,"comment_status":"closed","ping_status":"closed","template":"","meta":{"_acf_changed":false,"inline_featured_image":false,"footnotes":""},"folder":[],"class_list":["post-703","page","type-page","status-publish","has-post-thumbnail","hentry"],"acf":[],"_links":{"self":[{"href":"https:\/\/junotechno.com\/fr\/wp-json\/wp\/v2\/pages\/703","targetHints":{"allow":["GET"]}}],"collection":[{"href":"https:\/\/junotechno.com\/fr\/wp-json\/wp\/v2\/pages"}],"about":[{"href":"https:\/\/junotechno.com\/fr\/wp-json\/wp\/v2\/types\/page"}],"author":[{"embeddable":true,"href":"https:\/\/junotechno.com\/fr\/wp-json\/wp\/v2\/users\/2"}],"replies":[{"embeddable":true,"href":"https:\/\/junotechno.com\/fr\/wp-json\/wp\/v2\/comments?post=703"}],"version-history":[{"count":67,"href":"https:\/\/junotechno.com\/fr\/wp-json\/wp\/v2\/pages\/703\/revisions"}],"predecessor-version":[{"id":4429,"href":"https:\/\/junotechno.com\/fr\/wp-json\/wp\/v2\/pages\/703\/revisions\/4429"}],"wp:featuredmedia":[{"embeddable":true,"href":"https:\/\/junotechno.com\/fr\/wp-json\/wp\/v2\/media\/1738"}],"wp:attachment":[{"href":"https:\/\/junotechno.com\/fr\/wp-json\/wp\/v2\/media?parent=703"}],"wp:term":[{"taxonomy":"folder","embeddable":true,"href":"https:\/\/junotechno.com\/fr\/wp-json\/wp\/v2\/folder?post=703"}],"curies":[{"name":"wp","href":"https:\/\/api.w.org\/{rel}","templated":true}]}}