{"id":1450,"date":"2024-01-09T15:27:12","date_gmt":"2024-01-09T20:27:12","guid":{"rendered":"https:\/\/junotechno.com\/a-propos-de-nous-2\/"},"modified":"2025-04-23T11:32:44","modified_gmt":"2025-04-23T15:32:44","slug":"a-propos","status":"publish","type":"page","link":"https:\/\/junotechno.com\/fr\/a-propos\/","title":{"rendered":"\u00c0 propos de nous"},"content":{"rendered":"\t\t<div data-elementor-type=\"wp-page\" data-elementor-id=\"1450\" class=\"elementor elementor-1450 elementor-1331\" data-elementor-post-type=\"page\">\n\t\t\t\t<div class=\"elementor-element elementor-element-6ded8218 e-con-full e-flex e-con e-parent\" data-id=\"6ded8218\" data-element_type=\"container\" data-e-type=\"container\" data-settings=\"{&quot;background_background&quot;:&quot;classic&quot;}\">\n\t\t\t\t<div class=\"elementor-element elementor-element-412b4e9 elementor-widget elementor-widget-heading\" data-id=\"412b4e9\" data-element_type=\"widget\" data-e-type=\"widget\" data-widget_type=\"heading.default\">\n\t\t\t\t<div class=\"elementor-widget-container\">\n\t\t\t\t\t<h1 class=\"elementor-heading-title elementor-size-default\">\u00c0 propos de nous<\/h1>\t\t\t\t<\/div>\n\t\t\t\t<\/div>\n\t\t\t\t<\/div>\n\t\t<div class=\"elementor-element elementor-element-7dcead26 e-con-full e-flex e-con e-parent\" data-id=\"7dcead26\" data-element_type=\"container\" data-e-type=\"container\" data-settings=\"{&quot;background_background&quot;:&quot;gradient&quot;}\">\n\t\t\t\t<\/div>\n\t\t<div class=\"elementor-element elementor-element-2a26a90b e-con-full e-flex e-con e-parent\" data-id=\"2a26a90b\" data-element_type=\"container\" data-e-type=\"container\" data-settings=\"{&quot;background_background&quot;:&quot;classic&quot;}\">\n\t\t\t\t<div class=\"elementor-element elementor-element-555a2be9 elementor-widget elementor-widget-text-editor\" data-id=\"555a2be9\" data-element_type=\"widget\" data-e-type=\"widget\" data-widget_type=\"text-editor.default\">\n\t\t\t\t<div class=\"elementor-widget-container\">\n\t\t\t\t\t\t\t\t\t<h2 class=\"elementor-heading-title elementor-size-default elementor-inline-editing pen\" style=\"font-family: var( --e-global-typography-85b4cca-font-family ), Sans-serif; font-weight: var( --e-global-typography-85b4cca-font-weight ); line-height: var( --e-global-typography-85b4cca-line-height ); font-size: var( --e-global-typography-85b4cca-font-size );\" data-elementor-setting-key=\"title\" data-pen-placeholder=\"Type Here...\">Juno Technologies est une entreprise de technologie m\u00e9dicale qui d\u00e9veloppe un dispositif discret et portable pour un <strong>soulagement rapide et durable<\/strong> des douleurs menstruelles.<\/h2>\n\t\t\t\t\t\t\t\t<\/div>\n\t\t\t\t<\/div>\n\t\t\t\t<div class=\"elementor-element elementor-element-09786a6 elementor-align-center elementor-invisible elementor-widget elementor-widget-button\" data-id=\"09786a6\" data-element_type=\"widget\" data-e-type=\"widget\" data-settings=\"{&quot;_animation&quot;:&quot;fadeInUp&quot;}\" data-widget_type=\"button.default\">\n\t\t\t\t<div class=\"elementor-widget-container\">\n\t\t\t\t\t\t\t\t\t<div class=\"elementor-button-wrapper\">\n\t\t\t\t\t<a class=\"elementor-button elementor-button-link elementor-size-sm elementor-animation-shrink\" href=\"https:\/\/junotechno.com\/fr\/notre-solution\/\">\n\t\t\t\t\t\t<span class=\"elementor-button-content-wrapper\">\n\t\t\t\t\t\t\t\t\t<span class=\"elementor-button-text\">En savoir plus<\/span>\n\t\t\t\t\t<\/span>\n\t\t\t\t\t<\/a>\n\t\t\t\t<\/div>\n\t\t\t\t\t\t\t\t<\/div>\n\t\t\t\t<\/div>\n\t\t\t\t<\/div>\n\t\t<div class=\"elementor-element elementor-element-1ae85a1 elementor-hidden-tablet elementor-hidden-mobile e-flex e-con-boxed e-con e-parent\" data-id=\"1ae85a1\" data-element_type=\"container\" data-e-type=\"container\">\n\t\t\t\t\t<div class=\"e-con-inner\">\n\t\t\t\t\t<\/div>\n\t\t\t\t<\/div>\n\t\t<div class=\"elementor-element elementor-element-5ccfff5 e-con-full e-flex e-con e-parent\" data-id=\"5ccfff5\" data-element_type=\"container\" data-e-type=\"container\">\n\t\t<div class=\"elementor-element elementor-element-4d441e0 e-flex e-con-boxed e-con e-child\" data-id=\"4d441e0\" data-element_type=\"container\" data-e-type=\"container\">\n\t\t\t\t\t<div class=\"e-con-inner\">\n\t\t<div class=\"elementor-element elementor-element-77865d9 e-con-full e-flex e-con e-child\" data-id=\"77865d9\" data-element_type=\"container\" data-e-type=\"container\">\n\t\t\t\t<div class=\"elementor-element elementor-element-93b4b4f elementor-widget__width-inherit elementor-widget elementor-widget-heading\" data-id=\"93b4b4f\" data-element_type=\"widget\" data-e-type=\"widget\" data-widget_type=\"heading.default\">\n\t\t\t\t<div class=\"elementor-widget-container\">\n\t\t\t\t\t<h2 class=\"elementor-heading-title elementor-size-default\">Nos Valeurs<\/h2>\t\t\t\t<\/div>\n\t\t\t\t<\/div>\n\t\t\t\t<\/div>\n\t\t<div class=\"elementor-element elementor-element-e15bb00 e-con-full e-flex e-con e-child\" data-id=\"e15bb00\" data-element_type=\"container\" data-e-type=\"container\">\n\t\t<div class=\"elementor-element elementor-element-84833be e-con-full e-flex e-con e-child\" data-id=\"84833be\" data-element_type=\"container\" data-e-type=\"container\">\n\t\t\t\t<div class=\"elementor-element elementor-element-a74c398 elementor-widget elementor-widget-text-editor\" data-id=\"a74c398\" data-element_type=\"widget\" data-e-type=\"widget\" data-widget_type=\"text-editor.default\">\n\t\t\t\t<div class=\"elementor-widget-container\">\n\t\t\t\t\t\t\t\t\t<p>Favoriser un environnement inclusif et \u00e9quitable pour nos <strong>employ\u00e9s, nos partenaires et nos clients<\/strong>.<\/p>\n\t\t\t\t\t\t\t\t<\/div>\n\t\t\t\t<\/div>\n\t\t\t\t<div class=\"elementor-element elementor-element-09a40db elementor-widget-divider--view-line elementor-widget elementor-widget-divider\" data-id=\"09a40db\" data-element_type=\"widget\" data-e-type=\"widget\" data-widget_type=\"divider.default\">\n\t\t\t\t<div class=\"elementor-widget-container\">\n\t\t\t\t\t\t\t<div class=\"elementor-divider\">\n\t\t\t<span class=\"elementor-divider-separator\">\n\t\t\t\t\t\t<\/span>\n\t\t<\/div>\n\t\t\t\t\t\t<\/div>\n\t\t\t\t<\/div>\n\t\t\t\t<div class=\"elementor-element elementor-element-6b07165 elementor-widget elementor-widget-text-editor\" data-id=\"6b07165\" data-element_type=\"widget\" data-e-type=\"widget\" data-widget_type=\"text-editor.default\">\n\t\t\t\t<div class=\"elementor-widget-container\">\n\t\t\t\t\t\t\t\t\t<p>Ouvrir le dialogue sur les douleurs menstruelles gr\u00e2ce \u00e0 nos actions de sensibilisation afin d&#8217;<strong>apporter un r\u00e9el changement<\/strong>.<\/p>\n\t\t\t\t\t\t\t\t<\/div>\n\t\t\t\t<\/div>\n\t\t\t\t<div class=\"elementor-element elementor-element-f90817f elementor-widget-divider--view-line elementor-widget elementor-widget-divider\" data-id=\"f90817f\" data-element_type=\"widget\" data-e-type=\"widget\" data-widget_type=\"divider.default\">\n\t\t\t\t<div class=\"elementor-widget-container\">\n\t\t\t\t\t\t\t<div class=\"elementor-divider\">\n\t\t\t<span class=\"elementor-divider-separator\">\n\t\t\t\t\t\t<\/span>\n\t\t<\/div>\n\t\t\t\t\t\t<\/div>\n\t\t\t\t<\/div>\n\t\t\t\t<div class=\"elementor-element elementor-element-3a446f4 elementor-widget elementor-widget-text-editor\" data-id=\"3a446f4\" data-element_type=\"widget\" data-e-type=\"widget\" data-widget_type=\"text-editor.default\">\n\t\t\t\t<div class=\"elementor-widget-container\">\n\t\t\t\t\t\t\t\t\t<p>Combiner performance et ing\u00e9nierie pour offrir une <strong>solution r\u00e9volutionnaire<\/strong>.<\/p>\n\t\t\t\t\t\t\t\t<\/div>\n\t\t\t\t<\/div>\n\t\t\t\t<div class=\"elementor-element elementor-element-baa5016 elementor-widget-divider--view-line elementor-widget elementor-widget-divider\" data-id=\"baa5016\" data-element_type=\"widget\" data-e-type=\"widget\" data-widget_type=\"divider.default\">\n\t\t\t\t<div class=\"elementor-widget-container\">\n\t\t\t\t\t\t\t<div class=\"elementor-divider\">\n\t\t\t<span class=\"elementor-divider-separator\">\n\t\t\t\t\t\t<\/span>\n\t\t<\/div>\n\t\t\t\t\t\t<\/div>\n\t\t\t\t<\/div>\n\t\t\t\t<div class=\"elementor-element elementor-element-c81b932 elementor-widget elementor-widget-text-editor\" data-id=\"c81b932\" data-element_type=\"widget\" data-e-type=\"widget\" data-widget_type=\"text-editor.default\">\n\t\t\t\t<div class=\"elementor-widget-container\">\n\t\t\t\t\t\t\t\t\t<p><span style=\"white-space-collapse: preserve;\">Agir avec <strong>empathie<\/strong> envers tous.<\/span><\/p>\n\t\t\t\t\t\t\t\t<\/div>\n\t\t\t\t<\/div>\n\t\t\t\t<\/div>\n\t\t\t\t<\/div>\n\t\t\t\t\t<\/div>\n\t\t\t\t<\/div>\n\t\t<div class=\"elementor-element elementor-element-173c929 e-flex e-con-boxed e-con e-child\" data-id=\"173c929\" data-element_type=\"container\" data-e-type=\"container\">\n\t\t\t\t\t<div class=\"e-con-inner\">\n\t\t<div class=\"elementor-element elementor-element-a8bca25 e-con-full e-flex e-con e-child\" data-id=\"a8bca25\" data-element_type=\"container\" data-e-type=\"container\">\n\t\t\t\t<div class=\"elementor-element elementor-element-eeab98a elementor-widget__width-inherit elementor-widget elementor-widget-heading\" data-id=\"eeab98a\" data-element_type=\"widget\" data-e-type=\"widget\" data-widget_type=\"heading.default\">\n\t\t\t\t<div class=\"elementor-widget-container\">\n\t\t\t\t\t<h2 class=\"elementor-heading-title elementor-size-default\">Notre Mission<\/h2>\t\t\t\t<\/div>\n\t\t\t\t<\/div>\n\t\t\t\t<\/div>\n\t\t<div class=\"elementor-element elementor-element-c7d71d0 e-con-full e-flex e-con e-child\" data-id=\"c7d71d0\" data-element_type=\"container\" data-e-type=\"container\">\n\t\t<div class=\"elementor-element elementor-element-06d5ca5 e-con-full e-flex e-con e-child\" data-id=\"06d5ca5\" data-element_type=\"container\" data-e-type=\"container\">\n\t\t\t\t<div class=\"elementor-element elementor-element-d281a62 elementor-widget elementor-widget-text-editor\" data-id=\"d281a62\" data-element_type=\"widget\" data-e-type=\"widget\" data-widget_type=\"text-editor.default\">\n\t\t\t\t<div class=\"elementor-widget-container\">\n\t\t\t\t\t\t\t\t\t<p>La mission de Juno est de r\u00e9volutionner le domaine des douleurs menstruelles gr\u00e2ce \u00e0 l&#8217;innovation scientifique.<\/p>\n\t\t\t\t\t\t\t\t<\/div>\n\t\t\t\t<\/div>\n\t\t\t\t<div class=\"elementor-element elementor-element-6ac5934 elementor-widget-divider--view-line elementor-widget elementor-widget-divider\" data-id=\"6ac5934\" data-element_type=\"widget\" data-e-type=\"widget\" data-widget_type=\"divider.default\">\n\t\t\t\t<div class=\"elementor-widget-container\">\n\t\t\t\t\t\t\t<div class=\"elementor-divider\">\n\t\t\t<span class=\"elementor-divider-separator\">\n\t\t\t\t\t\t<\/span>\n\t\t<\/div>\n\t\t\t\t\t\t<\/div>\n\t\t\t\t<\/div>\n\t\t\t\t<div class=\"elementor-element elementor-element-5f05cfa elementor-widget elementor-widget-text-editor\" data-id=\"5f05cfa\" data-element_type=\"widget\" data-e-type=\"widget\" data-widget_type=\"text-editor.default\">\n\t\t\t\t<div class=\"elementor-widget-container\">\n\t\t\t\t\t\t\t\t\t<p><strong>Pour que rien nous vous arr\u00eate !<\/strong><\/p>\n\t\t\t\t\t\t\t\t<\/div>\n\t\t\t\t<\/div>\n\t\t\t\t<\/div>\n\t\t\t\t<\/div>\n\t\t\t\t\t<\/div>\n\t\t\t\t<\/div>\n\t\t\t\t<\/div>\n\t\t<div class=\"elementor-element elementor-element-4a4b79c elementor-hidden-tablet elementor-hidden-mobile e-flex e-con-boxed e-con e-parent\" data-id=\"4a4b79c\" data-element_type=\"container\" data-e-type=\"container\">\n\t\t\t\t\t<div class=\"e-con-inner\">\n\t\t\t\t\t<\/div>\n\t\t\t\t<\/div>\n\t\t\t\t<\/div>\n\t\t","protected":false},"excerpt":{"rendered":"<p>\u00c0 propos de nous Juno Technologies est une entreprise de technologie m\u00e9dicale qui d\u00e9veloppe un dispositif discret et portable pour un soulagement rapide et durable des douleurs menstruelles. En savoir plus Nos Valeurs Favoriser un environnement inclusif et \u00e9quitable pour nos employ\u00e9s, nos partenaires et nos clients. Ouvrir le dialogue sur les douleurs menstruelles gr\u00e2ce [&hellip;]<\/p>\n","protected":false},"author":2,"featured_media":1951,"parent":0,"menu_order":0,"comment_status":"closed","ping_status":"closed","template":"","meta":{"_acf_changed":false,"inline_featured_image":false,"footnotes":""},"folder":[],"class_list":["post-1450","page","type-page","status-publish","has-post-thumbnail","hentry"],"acf":[],"_links":{"self":[{"href":"https:\/\/junotechno.com\/fr\/wp-json\/wp\/v2\/pages\/1450","targetHints":{"allow":["GET"]}}],"collection":[{"href":"https:\/\/junotechno.com\/fr\/wp-json\/wp\/v2\/pages"}],"about":[{"href":"https:\/\/junotechno.com\/fr\/wp-json\/wp\/v2\/types\/page"}],"author":[{"embeddable":true,"href":"https:\/\/junotechno.com\/fr\/wp-json\/wp\/v2\/users\/2"}],"replies":[{"embeddable":true,"href":"https:\/\/junotechno.com\/fr\/wp-json\/wp\/v2\/comments?post=1450"}],"version-history":[{"count":25,"href":"https:\/\/junotechno.com\/fr\/wp-json\/wp\/v2\/pages\/1450\/revisions"}],"predecessor-version":[{"id":4187,"href":"https:\/\/junotechno.com\/fr\/wp-json\/wp\/v2\/pages\/1450\/revisions\/4187"}],"wp:featuredmedia":[{"embeddable":true,"href":"https:\/\/junotechno.com\/fr\/wp-json\/wp\/v2\/media\/1951"}],"wp:attachment":[{"href":"https:\/\/junotechno.com\/fr\/wp-json\/wp\/v2\/media?parent=1450"}],"wp:term":[{"taxonomy":"folder","embeddable":true,"href":"https:\/\/junotechno.com\/fr\/wp-json\/wp\/v2\/folder?post=1450"}],"curies":[{"name":"wp","href":"https:\/\/api.w.org\/{rel}","templated":true}]}}